{"id":19396,"date":"2025-03-20T09:32:37","date_gmt":"2025-03-20T12:32:37","guid":{"rendered":"https:\/\/www.mlpaper.com.br\/blog\/?page_id=19396"},"modified":"2025-03-20T09:35:42","modified_gmt":"2025-03-20T12:35:42","slug":"contato","status":"publish","type":"page","link":"https:\/\/www.mlpaper.com.br\/blog\/contato\/","title":{"rendered":"Contato"},"content":{"rendered":"\t\t<div data-elementor-type=\"wp-page\" data-elementor-id=\"19396\" class=\"elementor elementor-19396\" data-elementor-settings=\"{&quot;ha_cmc_init_switcher&quot;:&quot;no&quot;}\">\n\t\t\t\t\t\t<section class=\"elementor-section elementor-top-section elementor-element elementor-element-019c284 elementor-hidden-mobile elementor-section-boxed elementor-section-height-default elementor-section-height-default\" data-id=\"019c284\" data-element_type=\"section\" data-e-type=\"section\" data-settings=\"{&quot;background_background&quot;:&quot;gradient&quot;,&quot;_ha_eqh_enable&quot;:false}\">\n\t\t\t\t\t\t\t<div class=\"elementor-background-overlay\"><\/div>\n\t\t\t\t\t\t\t<div class=\"elementor-container elementor-column-gap-default\">\n\t\t\t\t\t<div class=\"elementor-column elementor-col-100 elementor-top-column elementor-element elementor-element-3de7d6a\" data-id=\"3de7d6a\" data-element_type=\"column\" data-e-type=\"column\">\n\t\t\t<div class=\"elementor-widget-wrap elementor-element-populated\">\n\t\t\t\t\t\t<div class=\"elementor-element elementor-element-9227951 elementor-widget elementor-widget-text-editor\" data-id=\"9227951\" data-element_type=\"widget\" data-e-type=\"widget\" data-widget_type=\"text-editor.default\">\n\t\t\t\t<div class=\"elementor-widget-container\">\n\t\t\t\t\t\t\t\t\t<p>A ML Paper Conceitos Gr\u00e1ficos \u00e9 muito mais que uma Gr\u00e1fica!<\/p>\t\t\t\t\t\t\t\t<\/div>\n\t\t\t\t<\/div>\n\t\t\t\t\t<\/div>\n\t\t<\/div>\n\t\t\t\t\t<\/div>\n\t\t<\/section>\n\t\t\t\t<section class=\"elementor-section elementor-top-section elementor-element elementor-element-5cb6808 elementor-section-boxed elementor-section-height-default elementor-section-height-default\" data-id=\"5cb6808\" data-element_type=\"section\" data-e-type=\"section\" data-settings=\"{&quot;background_background&quot;:&quot;classic&quot;,&quot;_ha_eqh_enable&quot;:false}\">\n\t\t\t\t\t\t\t<div class=\"elementor-background-overlay\"><\/div>\n\t\t\t\t\t\t\t<div class=\"elementor-container elementor-column-gap-default\">\n\t\t\t\t\t<div class=\"elementor-column elementor-col-100 elementor-top-column elementor-element elementor-element-fb2fd20\" data-id=\"fb2fd20\" data-element_type=\"column\" data-e-type=\"column\">\n\t\t\t<div class=\"elementor-widget-wrap elementor-element-populated\">\n\t\t\t\t\t\t<div class=\"elementor-element elementor-element-85e8d84 elementor-widget elementor-widget-spacer\" data-id=\"85e8d84\" data-element_type=\"widget\" data-e-type=\"widget\" data-widget_type=\"spacer.default\">\n\t\t\t\t<div class=\"elementor-widget-container\">\n\t\t\t\t\t\t\t<div class=\"elementor-spacer\">\n\t\t\t<div class=\"elementor-spacer-inner\"><\/div>\n\t\t<\/div>\n\t\t\t\t\t\t<\/div>\n\t\t\t\t<\/div>\n\t\t\t\t<section class=\"elementor-section elementor-inner-section elementor-element elementor-element-6d3229d elementor-section-boxed elementor-section-height-default elementor-section-height-default\" data-id=\"6d3229d\" data-element_type=\"section\" data-e-type=\"section\" data-settings=\"{&quot;_ha_eqh_enable&quot;:false}\">\n\t\t\t\t\t\t<div class=\"elementor-container elementor-column-gap-default\">\n\t\t\t\t\t<div class=\"elementor-column elementor-col-50 elementor-inner-column elementor-element elementor-element-b81646c\" data-id=\"b81646c\" data-element_type=\"column\" data-e-type=\"column\">\n\t\t\t<div class=\"elementor-widget-wrap elementor-element-populated\">\n\t\t\t\t\t\t<div class=\"elementor-element elementor-element-be57ad3 elementor-widget elementor-widget-heading\" data-id=\"be57ad3\" data-element_type=\"widget\" data-e-type=\"widget\" data-widget_type=\"heading.default\">\n\t\t\t\t<div class=\"elementor-widget-container\">\n\t\t\t\t\t<h3 class=\"elementor-heading-title elementor-size-default\">Aguardamos seu Contato<\/h3>\t\t\t\t<\/div>\n\t\t\t\t<\/div>\n\t\t\t\t<div class=\"elementor-element elementor-element-d9c6320 elementor-button-success elementor-align-left elementor-mobile-align-center elementor-widget elementor-widget-button\" data-id=\"d9c6320\" data-element_type=\"widget\" data-e-type=\"widget\" data-widget_type=\"button.default\">\n\t\t\t\t<div class=\"elementor-widget-container\">\n\t\t\t\t\t\t\t\t\t<div class=\"elementor-button-wrapper\">\n\t\t\t\t\t<a class=\"elementor-button elementor-button-link elementor-size-sm\" href=\"https:\/\/api.whatsapp.com\/send?phone=5511944494022\" target=\"_blank\" id=\"WhatsApp\">\n\t\t\t\t\t\t<span class=\"elementor-button-content-wrapper\">\n\t\t\t\t\t\t<span class=\"elementor-button-icon\">\n\t\t\t\t<i aria-hidden=\"true\" class=\"fab fa-whatsapp\"><\/i>\t\t\t<\/span>\n\t\t\t\t\t\t\t\t\t<span class=\"elementor-button-text\">WhatsApp<\/span>\n\t\t\t\t\t<\/span>\n\t\t\t\t\t<\/a>\n\t\t\t\t<\/div>\n\t\t\t\t\t\t\t\t<\/div>\n\t\t\t\t<\/div>\n\t\t\t\t<div class=\"elementor-element elementor-element-51af8f1 elementor-widget elementor-widget-text-editor\" data-id=\"51af8f1\" data-element_type=\"widget\" data-e-type=\"widget\" data-widget_type=\"text-editor.default\">\n\t\t\t\t<div class=\"elementor-widget-container\">\n\t\t\t\t\t\t\t\t\t<p><strong>Hor\u00e1rio de Atendimento:<\/strong><\/p>\n<p>Segunda a Quinta das 08:00h \u00e0s 18:00h<\/p><p><span style=\"font-weight: var( --e-global-typography-text-font-weight );\">Sexta-Feiras das 08:00 \u00e0s 17:00h<\/span><\/p>\n<p><\/p>\t\t\t\t\t\t\t\t<\/div>\n\t\t\t\t<\/div>\n\t\t\t\t\t<\/div>\n\t\t<\/div>\n\t\t\t\t<div class=\"elementor-column elementor-col-50 elementor-inner-column elementor-element elementor-element-27295bd\" data-id=\"27295bd\" data-element_type=\"column\" data-e-type=\"column\">\n\t\t\t<div class=\"elementor-widget-wrap elementor-element-populated\">\n\t\t\t\t\t\t<div class=\"elementor-element elementor-element-17f8a8f elementor-widget elementor-widget-text-editor\" data-id=\"17f8a8f\" data-element_type=\"widget\" data-e-type=\"widget\" data-widget_type=\"text-editor.default\">\n\t\t\t\t<div class=\"elementor-widget-container\">\n\t\t\t\t\t\t\t\t\t<p><span style=\"background-color: #aad9e2;\">\n<div class=\"wpcf7 no-js\" id=\"wpcf7-f170-o1\" lang=\"pt-BR\" dir=\"ltr\" data-wpcf7-id=\"170\">\n<div class=\"screen-reader-response\"><p role=\"status\" aria-live=\"polite\" aria-atomic=\"true\"><\/p> <ul><\/ul><\/div>\n<form action=\"\/blog\/wp-json\/wp\/v2\/pages\/19396#wpcf7-f170-o1\" method=\"post\" class=\"wpcf7-form init\" aria-label=\"Formul\u00e1rios de contato\" novalidate=\"novalidate\" data-status=\"init\">\n<fieldset class=\"hidden-fields-container\"><input type=\"hidden\" name=\"_wpcf7\" value=\"170\" \/><input type=\"hidden\" name=\"_wpcf7_version\" value=\"6.1.5\" \/><input type=\"hidden\" name=\"_wpcf7_locale\" value=\"pt_BR\" \/><input type=\"hidden\" name=\"_wpcf7_unit_tag\" value=\"wpcf7-f170-o1\" \/><input type=\"hidden\" name=\"_wpcf7_container_post\" value=\"0\" \/><input type=\"hidden\" name=\"_wpcf7_posted_data_hash\" value=\"\" \/><input type=\"hidden\" name=\"_wpcf7_recaptcha_response\" value=\"\" \/>\n<\/fieldset>\n<p><label> Seu nome (obrigat\u00f3rio)<br \/>\n<span class=\"wpcf7-form-control-wrap\" data-name=\"your-name\"><input size=\"40\" maxlength=\"400\" class=\"wpcf7-form-control wpcf7-text wpcf7-validates-as-required\" aria-required=\"true\" aria-invalid=\"false\" value=\"\" type=\"text\" name=\"your-name\" \/><\/span> <\/label>\n<\/p>\n<p><label> Seu e-mail (obrigat\u00f3rio)<br \/>\n<span class=\"wpcf7-form-control-wrap\" data-name=\"your-email\"><input size=\"40\" maxlength=\"400\" class=\"wpcf7-form-control wpcf7-email wpcf7-validates-as-required wpcf7-text wpcf7-validates-as-email\" aria-required=\"true\" aria-invalid=\"false\" value=\"\" type=\"email\" name=\"your-email\" \/><\/span> <\/label>\n<\/p>\n<p><label> Assunto<br \/>\n<span class=\"wpcf7-form-control-wrap\" data-name=\"your-subject\"><input size=\"40\" maxlength=\"400\" class=\"wpcf7-form-control wpcf7-text\" aria-invalid=\"false\" value=\"\" type=\"text\" name=\"your-subject\" \/><\/span> <\/label>\n<\/p>\n<p><label> Sua mensagem<br \/>\n<span class=\"wpcf7-form-control-wrap\" data-name=\"your-message\"><textarea cols=\"40\" rows=\"10\" maxlength=\"2000\" class=\"wpcf7-form-control wpcf7-textarea\" aria-invalid=\"false\" name=\"your-message\"><\/textarea><\/span> <\/label>\n<\/p>\n<p><input class=\"wpcf7-form-control wpcf7-submit has-spinner\" type=\"submit\" value=\"Enviar Mensagem\" \/>\n<\/p><div class=\"wpcf7-response-output\" aria-hidden=\"true\"><\/div>\n<\/form>\n<\/div>\n<\/span><\/p>\t\t\t\t\t\t\t\t<\/div>\n\t\t\t\t<\/div>\n\t\t\t\t\t<\/div>\n\t\t<\/div>\n\t\t\t\t\t<\/div>\n\t\t<\/section>\n\t\t\t\t<div class=\"elementor-element elementor-element-c35d227 elementor-widget elementor-widget-spacer\" data-id=\"c35d227\" data-element_type=\"widget\" data-e-type=\"widget\" data-widget_type=\"spacer.default\">\n\t\t\t\t<div class=\"elementor-widget-container\">\n\t\t\t\t\t\t\t<div class=\"elementor-spacer\">\n\t\t\t<div class=\"elementor-spacer-inner\"><\/div>\n\t\t<\/div>\n\t\t\t\t\t\t<\/div>\n\t\t\t\t<\/div>\n\t\t\t\t<div class=\"elementor-element elementor-element-c55a717 elementor-mobile-align-start elementor-icon-list--layout-traditional elementor-list-item-link-full_width elementor-widget elementor-widget-icon-list\" data-id=\"c55a717\" data-element_type=\"widget\" data-e-type=\"widget\" data-widget_type=\"icon-list.default\">\n\t\t\t\t<div class=\"elementor-widget-container\">\n\t\t\t\t\t\t\t<ul class=\"elementor-icon-list-items\">\n\t\t\t\t\t\t\t<li class=\"elementor-icon-list-item\">\n\t\t\t\t\t\t\t\t\t\t\t<a href=\"https:\/\/www.instagram.com\/mlpaper\">\n\n\t\t\t\t\t\t\t\t\t\t\t\t<span class=\"elementor-icon-list-icon\">\n\t\t\t\t\t\t\t<i aria-hidden=\"true\" class=\"fab fa-instagram\"><\/i>\t\t\t\t\t\t<\/span>\n\t\t\t\t\t\t\t\t\t\t<span class=\"elementor-icon-list-text\">Siga-nos no Instagram.<\/span>\n\t\t\t\t\t\t\t\t\t\t\t<\/a>\n\t\t\t\t\t\t\t\t\t<\/li>\n\t\t\t\t\t\t\t\t<li class=\"elementor-icon-list-item\">\n\t\t\t\t\t\t\t\t\t\t\t<a href=\"https:\/\/www.youtube.com\/channel\/UCZJIZj6iUfeyR3PhoEEs0YQ?view_as=subscriber\">\n\n\t\t\t\t\t\t\t\t\t\t\t\t<span class=\"elementor-icon-list-icon\">\n\t\t\t\t\t\t\t<i aria-hidden=\"true\" class=\"fab fa-youtube\"><\/i>\t\t\t\t\t\t<\/span>\n\t\t\t\t\t\t\t\t\t\t<span class=\"elementor-icon-list-text\">YouTube.<\/span>\n\t\t\t\t\t\t\t\t\t\t\t<\/a>\n\t\t\t\t\t\t\t\t\t<\/li>\n\t\t\t\t\t\t<\/ul>\n\t\t\t\t\t\t<\/div>\n\t\t\t\t<\/div>\n\t\t\t\t<div class=\"elementor-element elementor-element-e9888c7 elementor-widget elementor-widget-spacer\" data-id=\"e9888c7\" data-element_type=\"widget\" data-e-type=\"widget\" data-widget_type=\"spacer.default\">\n\t\t\t\t<div class=\"elementor-widget-container\">\n\t\t\t\t\t\t\t<div class=\"elementor-spacer\">\n\t\t\t<div class=\"elementor-spacer-inner\"><\/div>\n\t\t<\/div>\n\t\t\t\t\t\t<\/div>\n\t\t\t\t<\/div>\n\t\t\t\t\t<\/div>\n\t\t<\/div>\n\t\t\t\t\t<\/div>\n\t\t<\/section>\n\t\t\t\t<section class=\"elementor-section elementor-top-section elementor-element elementor-element-5bd591c elementor-section-boxed elementor-section-height-default elementor-section-height-default\" data-id=\"5bd591c\" data-element_type=\"section\" data-e-type=\"section\" data-settings=\"{&quot;_ha_eqh_enable&quot;:false}\">\n\t\t\t\t\t\t<div class=\"elementor-container elementor-column-gap-default\">\n\t\t\t\t\t<div class=\"elementor-column elementor-col-100 elementor-top-column elementor-element elementor-element-ff6f8de\" data-id=\"ff6f8de\" data-element_type=\"column\" data-e-type=\"column\">\n\t\t\t<div class=\"elementor-widget-wrap elementor-element-populated\">\n\t\t\t\t\t\t<div class=\"elementor-element elementor-element-e305348 elementor-widget elementor-widget-spacer\" data-id=\"e305348\" data-element_type=\"widget\" data-e-type=\"widget\" data-widget_type=\"spacer.default\">\n\t\t\t\t<div class=\"elementor-widget-container\">\n\t\t\t\t\t\t\t<div class=\"elementor-spacer\">\n\t\t\t<div class=\"elementor-spacer-inner\"><\/div>\n\t\t<\/div>\n\t\t\t\t\t\t<\/div>\n\t\t\t\t<\/div>\n\t\t\t\t\t<\/div>\n\t\t<\/div>\n\t\t\t\t\t<\/div>\n\t\t<\/section>\n\t\t\t\t<section class=\"elementor-section elementor-top-section elementor-element elementor-element-8ada745 elementor-section-boxed elementor-section-height-default elementor-section-height-default\" data-id=\"8ada745\" data-element_type=\"section\" data-e-type=\"section\" data-settings=\"{&quot;_ha_eqh_enable&quot;:false}\">\n\t\t\t\t\t\t<div class=\"elementor-container elementor-column-gap-default\">\n\t\t\t\t\t<div class=\"elementor-column elementor-col-33 elementor-top-column elementor-element elementor-element-2d33ba4\" data-id=\"2d33ba4\" data-element_type=\"column\" data-e-type=\"column\">\n\t\t\t<div class=\"elementor-widget-wrap\">\n\t\t\t\t\t\t\t<\/div>\n\t\t<\/div>\n\t\t\t\t<div class=\"elementor-column elementor-col-33 elementor-top-column elementor-element elementor-element-8b50b33\" data-id=\"8b50b33\" data-element_type=\"column\" data-e-type=\"column\">\n\t\t\t<div class=\"elementor-widget-wrap elementor-element-populated\">\n\t\t\t\t\t\t<div class=\"elementor-element elementor-element-42d19c8 elementor-widget elementor-widget-image\" data-id=\"42d19c8\" data-element_type=\"widget\" data-e-type=\"widget\" data-widget_type=\"image.default\">\n\t\t\t\t<div class=\"elementor-widget-container\">\n\t\t\t\t\t\t\t\t\t\t\t\t\t\t\t\t<a href=\"https:\/\/transparencyreport.google.com\/safe-browsing\/search?url=www.mlpaper.com.br\" target=\"_blank\">\n\t\t\t\t\t\t\t<img decoding=\"async\" data-src=\"https:\/\/www.mlpaper.com.br\/blog\/wp-content\/uploads\/elementor\/thumbs\/Selo_Navegacao_Segura-p43sz4i7bgq18rf9fi8u1x0u2mq11t3nutfql0l2gq.png\" title=\"Selo_Navega\u00e7\u00e3o_Segura\" alt=\"Selo Navega\u00e7\u00e3o Segura\" src=\"data:image\/svg+xml;base64,PHN2ZyB3aWR0aD0iMSIgaGVpZ2h0PSIxIiB4bWxucz0iaHR0cDovL3d3dy53My5vcmcvMjAwMC9zdmciPjwvc3ZnPg==\" class=\"lazyload\" style=\"--smush-placeholder-width: 150px; --smush-placeholder-aspect-ratio: 150\/57;\" \/>\t\t\t\t\t\t\t\t<\/a>\n\t\t\t\t\t\t\t\t\t\t\t\t\t\t\t<\/div>\n\t\t\t\t<\/div>\n\t\t\t\t\t<\/div>\n\t\t<\/div>\n\t\t\t\t<div class=\"elementor-column elementor-col-33 elementor-top-column elementor-element elementor-element-fcb1ec6\" data-id=\"fcb1ec6\" data-element_type=\"column\" data-e-type=\"column\">\n\t\t\t<div class=\"elementor-widget-wrap elementor-element-populated\">\n\t\t\t\t\t\t<div class=\"elementor-element elementor-element-f0b7569 elementor-widget elementor-widget-image\" data-id=\"f0b7569\" data-element_type=\"widget\" data-e-type=\"widget\" data-widget_type=\"image.default\">\n\t\t\t\t<div class=\"elementor-widget-container\">\n\t\t\t\t\t\t\t\t\t\t\t\t\t\t\t<img decoding=\"async\" data-src=\"https:\/\/www.mlpaper.com.br\/blog\/wp-content\/uploads\/elementor\/thumbs\/Secure_Connection-p44ib9439tcviii98s1smqti56ykg46pxfk1pc5wk4.jpg\" title=\"Secure_Connection\" alt=\"Secure_Connection\" src=\"data:image\/svg+xml;base64,PHN2ZyB3aWR0aD0iMSIgaGVpZ2h0PSIxIiB4bWxucz0iaHR0cDovL3d3dy53My5vcmcvMjAwMC9zdmciPjwvc3ZnPg==\" class=\"lazyload\" style=\"--smush-placeholder-width: 150px; --smush-placeholder-aspect-ratio: 150\/66;\" \/>\t\t\t\t\t\t\t\t\t\t\t\t\t\t\t<\/div>\n\t\t\t\t<\/div>\n\t\t\t\t\t<\/div>\n\t\t<\/div>\n\t\t\t\t\t<\/div>\n\t\t<\/section>\n\t\t\t\t<\/div>\n\t\t","protected":false},"excerpt":{"rendered":"<p>A ML Paper Conceitos Gr\u00e1ficos \u00e9 muito mais que uma Gr\u00e1fica! Aguardamos seu Contato WhatsApp Hor\u00e1rio de Atendimento: Segunda a Quinta das 08:00h \u00e0s 18:00hSexta-Feiras das 08:00 \u00e0s 17:00h Siga-nos no Instagram. YouTube.<\/p>\n","protected":false},"author":1,"featured_media":19408,"parent":0,"menu_order":0,"comment_status":"closed","ping_status":"closed","template":"page-templates\/homepage.php","meta":{"_joinchat":[],"footnotes":""},"class_list":["post-19396","page","type-page","status-publish","has-post-thumbnail","hentry"],"yoast_head":"<!-- This site is optimized with the Yoast SEO plugin v27.3 - https:\/\/yoast.com\/product\/yoast-seo-wordpress\/ -->\n<title>Contato Impress\u00f5es Gr\u00e1ficas em SP -<\/title>\n<meta name=\"description\" content=\"A ML Paper Conceitos Gr\u00e1ficos \u00e9 muito mais que uma Gr\u00e1fica. Temos diversos produtos com impress\u00e3o de alta qualidade a pre\u00e7os acess\u00edveis.\" \/>\n<meta name=\"robots\" content=\"index, follow, max-snippet:-1, max-image-preview:large, max-video-preview:-1\" \/>\n<link rel=\"canonical\" href=\"https:\/\/www.mlpaper.com.br\/blog\/contato\/\" \/>\n<meta property=\"og:locale\" content=\"pt_BR\" \/>\n<meta property=\"og:type\" content=\"article\" \/>\n<meta property=\"og:title\" content=\"Contato Impress\u00f5es Gr\u00e1ficas em SP -\" \/>\n<meta property=\"og:description\" content=\"A ML Paper Conceitos Gr\u00e1ficos \u00e9 muito mais que uma Gr\u00e1fica. Temos diversos produtos com impress\u00e3o de alta qualidade a pre\u00e7os acess\u00edveis.\" \/>\n<meta property=\"og:url\" content=\"https:\/\/www.mlpaper.com.br\/blog\/contato\/\" \/>\n<meta property=\"og:site_name\" content=\"ML Paper\" \/>\n<meta property=\"article:modified_time\" content=\"2025-03-20T12:35:42+00:00\" \/>\n<meta property=\"og:image\" content=\"https:\/\/www.mlpaper.com.br\/blog\/wp-content\/uploads\/2025\/03\/Logo-ML-Paper.png\" \/>\n\t<meta property=\"og:image:width\" content=\"560\" \/>\n\t<meta property=\"og:image:height\" content=\"560\" \/>\n\t<meta property=\"og:image:type\" content=\"image\/png\" \/>\n<meta name=\"twitter:card\" content=\"summary_large_image\" \/>\n<meta name=\"twitter:label1\" content=\"Est. tempo de leitura\" \/>\n\t<meta name=\"twitter:data1\" content=\"1 minuto\" \/>\n<script type=\"application\/ld+json\" class=\"yoast-schema-graph\">{\"@context\":\"https:\\\/\\\/schema.org\",\"@graph\":[{\"@type\":\"WebPage\",\"@id\":\"https:\\\/\\\/www.mlpaper.com.br\\\/blog\\\/contato\\\/\",\"url\":\"https:\\\/\\\/www.mlpaper.com.br\\\/blog\\\/contato\\\/\",\"name\":\"Contato Impress\u00f5es Gr\u00e1ficas em SP -\",\"isPartOf\":{\"@id\":\"https:\\\/\\\/www.mlpaper.com.br\\\/blog\\\/#website\"},\"primaryImageOfPage\":{\"@id\":\"https:\\\/\\\/www.mlpaper.com.br\\\/blog\\\/contato\\\/#primaryimage\"},\"image\":{\"@id\":\"https:\\\/\\\/www.mlpaper.com.br\\\/blog\\\/contato\\\/#primaryimage\"},\"thumbnailUrl\":\"https:\\\/\\\/www.mlpaper.com.br\\\/blog\\\/wp-content\\\/uploads\\\/2025\\\/03\\\/Logo-ML-Paper.png\",\"datePublished\":\"2025-03-20T12:32:37+00:00\",\"dateModified\":\"2025-03-20T12:35:42+00:00\",\"description\":\"A ML Paper Conceitos Gr\u00e1ficos \u00e9 muito mais que uma Gr\u00e1fica. Temos diversos produtos com impress\u00e3o de alta qualidade a pre\u00e7os acess\u00edveis.\",\"breadcrumb\":{\"@id\":\"https:\\\/\\\/www.mlpaper.com.br\\\/blog\\\/contato\\\/#breadcrumb\"},\"inLanguage\":\"pt-BR\",\"potentialAction\":[{\"@type\":\"ReadAction\",\"target\":[\"https:\\\/\\\/www.mlpaper.com.br\\\/blog\\\/contato\\\/\"]}]},{\"@type\":\"ImageObject\",\"inLanguage\":\"pt-BR\",\"@id\":\"https:\\\/\\\/www.mlpaper.com.br\\\/blog\\\/contato\\\/#primaryimage\",\"url\":\"https:\\\/\\\/www.mlpaper.com.br\\\/blog\\\/wp-content\\\/uploads\\\/2025\\\/03\\\/Logo-ML-Paper.png\",\"contentUrl\":\"https:\\\/\\\/www.mlpaper.com.br\\\/blog\\\/wp-content\\\/uploads\\\/2025\\\/03\\\/Logo-ML-Paper.png\",\"width\":560,\"height\":560,\"caption\":\"ML Paper - Gr\u00e1fica de Impress\u00f5es Personalizadas\"},{\"@type\":\"BreadcrumbList\",\"@id\":\"https:\\\/\\\/www.mlpaper.com.br\\\/blog\\\/contato\\\/#breadcrumb\",\"itemListElement\":[{\"@type\":\"ListItem\",\"position\":1,\"name\":\"In\u00edcio\",\"item\":\"https:\\\/\\\/www.mlpaper.com.br\\\/blog\\\/\"},{\"@type\":\"ListItem\",\"position\":2,\"name\":\"Contato\"}]},{\"@type\":\"WebSite\",\"@id\":\"https:\\\/\\\/www.mlpaper.com.br\\\/blog\\\/#website\",\"url\":\"https:\\\/\\\/www.mlpaper.com.br\\\/blog\\\/\",\"name\":\"ML Paper\",\"description\":\"Impress\u00f5es Gr\u00e1ficas\",\"publisher\":{\"@id\":\"https:\\\/\\\/www.mlpaper.com.br\\\/blog\\\/#organization\"},\"potentialAction\":[{\"@type\":\"SearchAction\",\"target\":{\"@type\":\"EntryPoint\",\"urlTemplate\":\"https:\\\/\\\/www.mlpaper.com.br\\\/blog\\\/?s={search_term_string}\"},\"query-input\":{\"@type\":\"PropertyValueSpecification\",\"valueRequired\":true,\"valueName\":\"search_term_string\"}}],\"inLanguage\":\"pt-BR\"},{\"@type\":\"Organization\",\"@id\":\"https:\\\/\\\/www.mlpaper.com.br\\\/blog\\\/#organization\",\"name\":\"ML Paper\",\"url\":\"https:\\\/\\\/www.mlpaper.com.br\\\/blog\\\/\",\"logo\":{\"@type\":\"ImageObject\",\"inLanguage\":\"pt-BR\",\"@id\":\"https:\\\/\\\/www.mlpaper.com.br\\\/blog\\\/#\\\/schema\\\/logo\\\/image\\\/\",\"url\":\"https:\\\/\\\/www.mlpaper.com.br\\\/blog\\\/wp-content\\\/uploads\\\/2019\\\/04\\\/cropped-MLPaper-Logo-Fundo-Escuro-1.png\",\"contentUrl\":\"https:\\\/\\\/www.mlpaper.com.br\\\/blog\\\/wp-content\\\/uploads\\\/2019\\\/04\\\/cropped-MLPaper-Logo-Fundo-Escuro-1.png\",\"width\":1290,\"height\":280,\"caption\":\"ML Paper\"},\"image\":{\"@id\":\"https:\\\/\\\/www.mlpaper.com.br\\\/blog\\\/#\\\/schema\\\/logo\\\/image\\\/\"}}]}<\/script>\n<!-- \/ Yoast SEO plugin. -->","yoast_head_json":{"title":"Contato Impress\u00f5es Gr\u00e1ficas em SP -","description":"A ML Paper Conceitos Gr\u00e1ficos \u00e9 muito mais que uma Gr\u00e1fica. Temos diversos produtos com impress\u00e3o de alta qualidade a pre\u00e7os acess\u00edveis.","robots":{"index":"index","follow":"follow","max-snippet":"max-snippet:-1","max-image-preview":"max-image-preview:large","max-video-preview":"max-video-preview:-1"},"canonical":"https:\/\/www.mlpaper.com.br\/blog\/contato\/","og_locale":"pt_BR","og_type":"article","og_title":"Contato Impress\u00f5es Gr\u00e1ficas em SP -","og_description":"A ML Paper Conceitos Gr\u00e1ficos \u00e9 muito mais que uma Gr\u00e1fica. Temos diversos produtos com impress\u00e3o de alta qualidade a pre\u00e7os acess\u00edveis.","og_url":"https:\/\/www.mlpaper.com.br\/blog\/contato\/","og_site_name":"ML Paper","article_modified_time":"2025-03-20T12:35:42+00:00","og_image":[{"width":560,"height":560,"url":"https:\/\/www.mlpaper.com.br\/blog\/wp-content\/uploads\/2025\/03\/Logo-ML-Paper.png","type":"image\/png"}],"twitter_card":"summary_large_image","twitter_misc":{"Est. tempo de leitura":"1 minuto"},"schema":{"@context":"https:\/\/schema.org","@graph":[{"@type":"WebPage","@id":"https:\/\/www.mlpaper.com.br\/blog\/contato\/","url":"https:\/\/www.mlpaper.com.br\/blog\/contato\/","name":"Contato Impress\u00f5es Gr\u00e1ficas em SP -","isPartOf":{"@id":"https:\/\/www.mlpaper.com.br\/blog\/#website"},"primaryImageOfPage":{"@id":"https:\/\/www.mlpaper.com.br\/blog\/contato\/#primaryimage"},"image":{"@id":"https:\/\/www.mlpaper.com.br\/blog\/contato\/#primaryimage"},"thumbnailUrl":"https:\/\/www.mlpaper.com.br\/blog\/wp-content\/uploads\/2025\/03\/Logo-ML-Paper.png","datePublished":"2025-03-20T12:32:37+00:00","dateModified":"2025-03-20T12:35:42+00:00","description":"A ML Paper Conceitos Gr\u00e1ficos \u00e9 muito mais que uma Gr\u00e1fica. Temos diversos produtos com impress\u00e3o de alta qualidade a pre\u00e7os acess\u00edveis.","breadcrumb":{"@id":"https:\/\/www.mlpaper.com.br\/blog\/contato\/#breadcrumb"},"inLanguage":"pt-BR","potentialAction":[{"@type":"ReadAction","target":["https:\/\/www.mlpaper.com.br\/blog\/contato\/"]}]},{"@type":"ImageObject","inLanguage":"pt-BR","@id":"https:\/\/www.mlpaper.com.br\/blog\/contato\/#primaryimage","url":"https:\/\/www.mlpaper.com.br\/blog\/wp-content\/uploads\/2025\/03\/Logo-ML-Paper.png","contentUrl":"https:\/\/www.mlpaper.com.br\/blog\/wp-content\/uploads\/2025\/03\/Logo-ML-Paper.png","width":560,"height":560,"caption":"ML Paper - Gr\u00e1fica de Impress\u00f5es Personalizadas"},{"@type":"BreadcrumbList","@id":"https:\/\/www.mlpaper.com.br\/blog\/contato\/#breadcrumb","itemListElement":[{"@type":"ListItem","position":1,"name":"In\u00edcio","item":"https:\/\/www.mlpaper.com.br\/blog\/"},{"@type":"ListItem","position":2,"name":"Contato"}]},{"@type":"WebSite","@id":"https:\/\/www.mlpaper.com.br\/blog\/#website","url":"https:\/\/www.mlpaper.com.br\/blog\/","name":"ML Paper","description":"Impress\u00f5es Gr\u00e1ficas","publisher":{"@id":"https:\/\/www.mlpaper.com.br\/blog\/#organization"},"potentialAction":[{"@type":"SearchAction","target":{"@type":"EntryPoint","urlTemplate":"https:\/\/www.mlpaper.com.br\/blog\/?s={search_term_string}"},"query-input":{"@type":"PropertyValueSpecification","valueRequired":true,"valueName":"search_term_string"}}],"inLanguage":"pt-BR"},{"@type":"Organization","@id":"https:\/\/www.mlpaper.com.br\/blog\/#organization","name":"ML Paper","url":"https:\/\/www.mlpaper.com.br\/blog\/","logo":{"@type":"ImageObject","inLanguage":"pt-BR","@id":"https:\/\/www.mlpaper.com.br\/blog\/#\/schema\/logo\/image\/","url":"https:\/\/www.mlpaper.com.br\/blog\/wp-content\/uploads\/2019\/04\/cropped-MLPaper-Logo-Fundo-Escuro-1.png","contentUrl":"https:\/\/www.mlpaper.com.br\/blog\/wp-content\/uploads\/2019\/04\/cropped-MLPaper-Logo-Fundo-Escuro-1.png","width":1290,"height":280,"caption":"ML Paper"},"image":{"@id":"https:\/\/www.mlpaper.com.br\/blog\/#\/schema\/logo\/image\/"}}]}},"_links":{"self":[{"href":"https:\/\/www.mlpaper.com.br\/blog\/wp-json\/wp\/v2\/pages\/19396","targetHints":{"allow":["GET"]}}],"collection":[{"href":"https:\/\/www.mlpaper.com.br\/blog\/wp-json\/wp\/v2\/pages"}],"about":[{"href":"https:\/\/www.mlpaper.com.br\/blog\/wp-json\/wp\/v2\/types\/page"}],"author":[{"embeddable":true,"href":"https:\/\/www.mlpaper.com.br\/blog\/wp-json\/wp\/v2\/users\/1"}],"replies":[{"embeddable":true,"href":"https:\/\/www.mlpaper.com.br\/blog\/wp-json\/wp\/v2\/comments?post=19396"}],"version-history":[{"count":9,"href":"https:\/\/www.mlpaper.com.br\/blog\/wp-json\/wp\/v2\/pages\/19396\/revisions"}],"predecessor-version":[{"id":19411,"href":"https:\/\/www.mlpaper.com.br\/blog\/wp-json\/wp\/v2\/pages\/19396\/revisions\/19411"}],"wp:featuredmedia":[{"embeddable":true,"href":"https:\/\/www.mlpaper.com.br\/blog\/wp-json\/wp\/v2\/media\/19408"}],"wp:attachment":[{"href":"https:\/\/www.mlpaper.com.br\/blog\/wp-json\/wp\/v2\/media?parent=19396"}],"curies":[{"name":"wp","href":"https:\/\/api.w.org\/{rel}","templated":true}]}}